{"id":121,"date":"2023-04-14T12:12:47","date_gmt":"2023-04-14T10:12:47","guid":{"rendered":"https:\/\/serwer1793623.home.pl\/autoinstalator\/wordpress2\/?page_id=121"},"modified":"2023-04-28T11:47:21","modified_gmt":"2023-04-28T09:47:21","slug":"polityka-prywatnosci","status":"publish","type":"page","link":"https:\/\/perfect-data.pl\/pl\/polityka-prywatnosci\/","title":{"rendered":"Perfect Data Sp\u00f3\u0142ka z o. o. Polityka prywatno\u015bci"},"content":{"rendered":"<h2 class=\"wp-block-heading\">Polityka prywatno\u015bci PL<\/h2>\n\n\n\n<p>Serdecznie witamy!<\/p>\n\n\n\n<p>W naszej firmie bardzo dbamy o ochron\u0119 danych osobowych, dlatego te\u017c przygotowali\u015bmy niniejszy dokument, aby w prosty i przyst\u0119pny spos\u00f3b wyja\u015bni\u0107 Pa\u0144stwu dlaczego zbieramy dane osobowe i do czego ich u\u017cywamy, jakie ci\u0105\u017c\u0105 na nas w zwi\u0105zku z tym obowi\u0105zki, a tak\u017ce jakie przys\u0142uguj\u0105 Pa\u0144stwu prawa. Ponadto postaramy si\u0119 tak\u017ce przybli\u017cy\u0107 Pa\u0144stwu tematyk\u0119 plik\u00f3w cookies.<\/p>\n\n\n\n<p>W naszej firmie w pe\u0142ni dostosowali\u015bmy si\u0119 do wymog\u00f3w Rozporz\u0105dzenia Parlamentu Europejskiego i Rady (UE) 2016\/679 z dnia 27 kwietnia 2016 r. w sprawie ochrony os\u00f3b fizycznych w zwi\u0105zku z przetwarzaniem danych osobowych i w sprawie swobodnego przep\u0142ywu takich danych oraz uchylenia Dyrektywy 95\/46\/WE \u2013 znanego r\u00f3wnie\u017c pod skr\u00f3con\u0105 nazw\u0105: RODO.<\/p>\n\n\n\n<p><strong>Wa\u017cna informacja na pocz\u0105tek: administratorem strony oraz administratorem danych osobowych jest<\/strong>&nbsp;<strong>PERFECT DATA sp. z o.o.&nbsp;<\/strong>(NIP 9662109249, REGON 366342151) z siedzib\u0105 w Bia\u0142ymstoku przy ul. \u017burawia 71, 15-540 Bia\u0142ystok&nbsp; , wpisanej do&nbsp; Krajowego Rejestru S\u0105dowego prowadzonego przez S\u0104D REJONOWY W BIA\u0141YMSTOKU, XII WYDZIA\u0141 GOSPODARCZY KRAJOWEGO REJESTRU S\u0104DOWEGO pod numerem KRS 0000658525<strong>.<\/strong><\/p>\n\n\n\n<p><strong>&nbsp;<\/strong>W razie jakichkolwiek pyta\u0144 b\u0105d\u017a w\u0105tpliwo\u015bci zwi\u0105zanych z zasadami ochrony danych osobowych w naszej firmie serdecznie zapraszamy do kontaktu mailowego b\u0105d\u017a telefonicznego.<\/p>\n\n\n\n<p><strong>Najwa\u017cniejsze informacje:<\/strong><\/p>\n\n\n\n<p>Korzystaj\u0105c z naszych us\u0142ug lub po prostu kontaktuj\u0105c si\u0119 z nami, przekazuj\u0105 nam Pa\u0144stwo swoje dane osobowe, a my gwarantujemy, \u017ce Pa\u0144stwa dane pozostan\u0105 poufne i bezpieczne. Przekazane nam dane osobowe udost\u0119pniamy innym podmiotom (odbiorcom w rozumieniu art. 4 pkt 9 RODO) tylko i wy\u0142\u0105cznie wtedy gdy jest to konieczne do prawid\u0142owego wykonania \u015bwiadczonych przez nas us\u0142ug. Mog\u0105 to by\u0107 przede wszystkim nasi pracownicy, kt\u00f3rzy obs\u0142uguj\u0105 Pa\u0144stwa zam\u00f3wienie. W celu spe\u0142niania na\u0142o\u017conych przez prawo obowi\u0105zk\u00f3w ksi\u0119gowych nasza firma korzysta tak\u017ce z pomocy profesjonalnego doradcy podatkowego. Dane osobowe mog\u0105 by\u0107 tak\u017ce przekazywane podmiotom uprawnionym do ich uzyskania na podstawie powszechnie obowi\u0105zuj\u0105cego prawa.<\/p>\n\n\n\n<p>Korzystamy z narz\u0119dzi analitycznych, takich jak Google Analytics i Google Search Console , kt\u00f3re zbieraj\u0105 anonimowe informacje na temat odwiedzin strony, takie jak podstrony, kt\u00f3re zosta\u0142y wy\u015bwietlone, czy te\u017c czas, jaki zosta\u0142 przez u\u017cytkownik\u00f3w sp\u0119dzony na stronie. Wi\u0105\u017ce si\u0119 to z wykorzystaniem plik\u00f3w cookies firmy Google.<\/p>\n\n\n\n<p>Zapewniamy mo\u017cliwo\u015b\u0107 korzystania z funkcji spo\u0142eczno\u015bciowych, takich jak udost\u0119pnianie tre\u015bci w serwisach spo\u0142eczno\u015bciowych oraz subskrypcja profilu spo\u0142eczno\u015bciowego. Korzystanie z tych funkcji wi\u0105\u017ce si\u0119 z wykorzystywaniem plik\u00f3w cookies administrator\u00f3w serwis\u00f3w spo\u0142eczno\u015bciowych takich jak Facebook, Instagram, YouTube.<\/p>\n\n\n\n<p>Wykorzystujemy pliki cookies, by\u015bcie Pa\u0144stwo m\u00f3gli w spos\u00f3b komfortowy korzysta\u0107 z naszej strony.<\/p>\n\n\n\n<p>Poni\u017cej przedstawiamy szczeg\u00f3\u0142owe wyja\u015bnienie kwestii zwi\u0105zanych z ochron\u0105 danych osobowych w naszej firmie.<\/p>\n\n\n\n<p><strong>Dane osobowe.<\/strong><\/p>\n\n\n\n<p>Administratorem Pa\u0144stwa danych osobowych w rozumieniu przepis\u00f3w o ochronie danych osobowych jest&nbsp;<strong>PERFECT DATA sp. z o.o. (NIP 9662109249, REGON 366342151)&nbsp;<\/strong>z siedzib\u0105 w Bia\u0142ymstoku przy ul. \u017burawia 71, 15-540 Bia\u0142ystok &nbsp;, wpisanej do&nbsp; Krajowego Rejestru S\u0105dowego prowadzonego przez S\u0104D REJONOWY W BIA\u0141YMSTOKU, XII WYDZIA\u0141 GOSPODARCZY KRAJOWEGO REJESTRU S\u0104DOWEGO pod numerem KRS 0000658525.<\/p>\n\n\n\n<p>W naszej firmie nie zosta\u0142 powo\u0142any Inspektor Ochrony Danych Osobowych, wobec czego wszelkie obowi\u0105zki zwi\u0105zane z ochron\u0105 danych osobowych wykonuj\u0105 osobi\u015bcie wsp\u00f3lnicy sp\u00f3\u0142ki.<\/p>\n\n\n\n<p>Cele, podstawy prawne oraz okres przetwarzania danych osobowych wskazane s\u0105 odr\u0119bnie w stosunku do ka\u017cdego celu przetwarzania danych (patrz: postanowienia poni\u017cej zawieraj\u0105ce szczeg\u00f3\u0142owy opis r\u00f3\u017cnych cel\u00f3w przetwarzania danych).<\/p>\n\n\n\n<p>W zwi\u0105zku z przetwarzaniem przez nas Pa\u0144stwa danych osobowych, przys\u0142uguj\u0105 Pa\u0144stwu nast\u0119puj\u0105ce uprawnienia:<\/p>\n\n\n\n<ul class=\"wp-block-list\">\n<li>prawo do \u017c\u0105dania dost\u0119pu do swoich danych osobowych, ich sprostowania, usuni\u0119cia (prawo do bycia zapomnianym) lub ograniczenia przetwarzania;<\/li>\n\n\n\n<li>prawo do wniesienia sprzeciwu wobec przetwarzania;<\/li>\n\n\n\n<li>prawo do przenoszenia danych;<\/li>\n\n\n\n<li>prawo do cofni\u0119cia zgody na przetwarzanie danych osobowych w okre\u015blonym celu, je\u017celi uprzednio wyrazili Pa\u0144stwo tak\u0105 zgod\u0119;<\/li>\n\n\n\n<li>prawo do wniesienia skargi do organu nadzorczego;<\/li>\n<\/ul>\n\n\n\n<p>Powy\u017csze uprawnienia mog\u0105 Pa\u0144stwo realizowa\u0107 zgodnie z zasadami opisanymi w art. 16 \u2013 21 RODO.<\/p>\n\n\n\n<p>Podanie przez Pa\u0144stwa danych osobowych jest zawsze dobrowolne, aczkolwiek niezb\u0119dne, by skorzysta\u0107 z naszych us\u0142ug po prostu skontaktowa\u0107 si\u0119 z nami.<\/p>\n\n\n\n<p>Gwarantujemy Pa\u0144stwu poufno\u015b\u0107 wszelkich przekazanych nam danych osobowych. Zapewniamy podj\u0119cie wszelkich \u015brodk\u00f3w bezpiecze\u0144stwa i ochrony danych osobowych wymaganych przez przepisy o ochronie danych osobowych (RODO). Dane osobowe s\u0105 gromadzone z nale\u017cyt\u0105 staranno\u015bci\u0105 i odpowiednio chronione przed dost\u0119pem do nich przez osoby do tego nieupowa\u017cnione. Dane osobowe przetwarzane s\u0105 wy\u0142\u0105cznie na terytorium Unii Europejskiej.<\/p>\n\n\n\n<p><strong>Kontakt e-mailowy.<\/strong><\/p>\n\n\n\n<p>Kontaktuj\u0105c si\u0119 z nami za po\u015brednictwem poczty elektronicznej, w spos\u00f3b naturalny przekazuj\u0105 nam Pa\u0144stwo sw\u00f3j adres e-mail jako adres nadawcy wiadomo\u015bci. Ponadto, w tre\u015bci wiadomo\u015bci mog\u0105 Pa\u0144stwo zawrze\u0107 r\u00f3wnie\u017c inne dane osobowe. Podstaw\u0105 prawn\u0105 przetwarzania danych osobowych w takim przypadku jest Pa\u0144stwa zgoda wynikaj\u0105ca z zainicjowania z nami kontaktu. Pa\u0144stwa dane osobowe przekazywane nam w ramach kontaktu e-mailowego przetwarzane s\u0105 wy\u0142\u0105cznie w celu obs\u0142ugi Pa\u0144stwa zapytania. Tre\u015b\u0107 korespondencji mo\u017ce podlega\u0107 archiwizacji.<\/p>\n\n\n\n<p><strong>Formularz kontaktowy.<\/strong><\/p>\n\n\n\n<p>W celu u\u0142atwienia Pa\u0144stwu nawi\u0105zania z nami kontaktu, na naszej stronie internetowej zamie\u015bcili\u015bmy formularz kontaktowy. Skorzystanie z formularza wymaga podania przez Pa\u0144stwa swojego imienia i nazwiska, adresu e-mail oraz numeru telefonu, a tak\u017ce wyra\u017cenia zgody na przetwarzanie przez nas Pa\u0144stwa danych osobowych. Podstaw\u0105 prawn\u0105 przetwarzania danych osobowych w takim przypadku jest Pa\u0144stwa zgoda. Po wys\u0142aniu nam wiadomo\u015bci trafia ona do naszej skrzynki pocztowej.<\/p>\n\n\n\n<p><strong>Pliki cookies i inne technologie \u015bledz\u0105ce.<\/strong><\/p>\n\n\n\n<p>Nasza strona, podobnie jak niemal wszystkie inne strony internetowe, wykorzystuje pliki cookies, by zapewni\u0107 Pa\u0144stwu mo\u017cliwie najlepsze do\u015bwiadczenia zwi\u0105zane z korzystaniem ze strony.<\/p>\n\n\n\n<p>Cookies to niewielkie informacje tekstowe, przechowywane na Pa\u0144stwa urz\u0105dzeniu ko\u0144cowym (np. komputerze, tablecie, smartfonie), kt\u00f3re mog\u0105 by\u0107 odczytywane przez nasz system teleinformatyczny.<\/p>\n\n\n\n<p>Cookies pozwalaj\u0105 nam:<\/p>\n\n\n\n<ul class=\"wp-block-list\">\n<li>zapewni\u0107 prawid\u0142owe funkcjonowanie strony jakiego Pa\u0144stwo oczekuj\u0105;<\/li>\n\n\n\n<li>poprawi\u0107 szybko\u015b\u0107 i bezpiecze\u0144stwo korzystania ze strony;<\/li>\n\n\n\n<li>ulepsza\u0107 funkcje dost\u0119pne dla Pa\u0144stwa na naszej stronie;<\/li>\n\n\n\n<li>korzysta\u0107 z narz\u0119dzi analitycznych;<\/li>\n\n\n\n<li>korzysta\u0107 z narz\u0119dzi marketingowych;<\/li>\n\n\n\n<li>zapewnia\u0107 funkcje spo\u0142eczno\u015bciowe.<\/li>\n<\/ul>\n\n\n\n<p>Wi\u0119cej szczeg\u00f3\u0142\u00f3w przedstawiamy poni\u017cej.<\/p>\n\n\n\n<p><strong>Zgoda na cookies.<\/strong><\/p>\n\n\n\n<p>Podczas pierwszej wizyty na stronie wy\u015bwietlana jest Pa\u0144stwu informacja na temat stosowania plik\u00f3w cookies. Zaakceptowanie i zamkni\u0119cie tej informacji oznacza, \u017ce wyra\u017caj\u0105 Pa\u0144stwo zgod\u0119 na wykorzystywanie plik\u00f3w cookies zgodnie z postanowieniami niniejszej polityki prywatno\u015bci. Zgod\u0119 zawsze mog\u0105 Pa\u0144stwo wycofa\u0107, usuwaj\u0105c pliki cookies oraz zmieniaj\u0105c ustawienia plik\u00f3w cookies w swojej przegl\u0105darce. Prosz\u0119 jednak pami\u0119ta\u0107, \u017ce wy\u0142\u0105czenie plik\u00f3w cookies mo\u017ce powodowa\u0107 trudno\u015bci w korzystaniu ze strony, jak r\u00f3wnie\u017c z wielu innych stron internetowych, kt\u00f3re stosuj\u0105 cookies.<\/p>\n\n\n\n<p><strong>Cookies w\u0142asne.<\/strong><\/p>\n\n\n\n<p>Pliki cookies mo\u017cna podzieli\u0107 na w\u0142asne oraz pochodz\u0105ce od podmiot\u00f3w trzecich. Je\u017celi chodzi o cookies w\u0142asne, wykorzystujemy je w celu prawid\u0142owego dzia\u0142ania strony.<\/p>\n\n\n\n<p><strong>Cookies podmiot\u00f3w trzecich.<\/strong><\/p>\n\n\n\n<p>Nasza strona, podobnie jak wi\u0119kszo\u015b\u0107 wsp\u00f3\u0142czesnych stron internetowych, wykorzystuje funkcje zapewniane przez podmioty trzecie, co wi\u0105\u017ce si\u0119 z wykorzystywaniem plik\u00f3w cookies pochodz\u0105cych od podmiot\u00f3w trzecich. Wykorzystanie tego rodzaju plik\u00f3w cookies zosta\u0142o opisane poni\u017cej.<\/p>\n\n\n\n<p><strong>Analiza i statystyka.<\/strong><\/p>\n\n\n\n<p>Wykorzystujemy pliki cookies do \u015bledzenia statystyk strony, takich jak liczba os\u00f3b odwiedzaj\u0105cych, rodzaj systemu operacyjnego i przegl\u0105darki internetowej wykorzystywanej do przegl\u0105dania strony, czas sp\u0119dzony na stronie, odwiedzone podstrony etc. Korzystamy w tym zakresie z narz\u0119dzia Google Analytics. Zbierane w tym zakresie informacje s\u0105 ca\u0142kowicie anonimowe i nie pozwalaj\u0105 na Pa\u0144stwa identyfikacj\u0119. W tym celu wykorzystywane s\u0105 pliki cookies firmy Google LLC dotycz\u0105ce us\u0142ugi Google Analytics.<\/p>\n\n\n\n<p>Korzystanie z us\u0142ug Google Analytics wi\u0105\u017ce si\u0119 z zaimplementowaniem w kodzie naszej strony udost\u0119pnionego przez Google kodu \u015bledz\u0105cego (tzw. tracking code). Kod ten bazuje na plikach cookies, ale mo\u017ce wykorzystywa\u0107 r\u00f3wnie\u017c inne technologie \u015bledz\u0105ce.<\/p>\n\n\n\n<p><strong>Filmy z serwisu YouTube oraz Vimeo.<\/strong><\/p>\n\n\n\n<p>Na stronie zamieszczamy filmy pochodz\u0105ce z serwisu YouTube oraz Vimeo. Wy\u015bwietlaj\u0105c taki film, godz\u0105 si\u0119 Pa\u0144stwo na wykorzystywanie plik\u00f3w cookies firmy Google LLC dotycz\u0105cych us\u0142ugi YouTube lub plik\u00f3w cookies firmy Vimeo.<\/p>\n\n\n\n<p><strong>Funkcje spo\u0142eczno\u015bciowe.&nbsp;<\/strong><\/p>\n\n\n\n<p>Zapewniamy mo\u017cliwo\u015b\u0107 korzystania z funkcji spo\u0142eczno\u015bciowych, takich jak udost\u0119pnianie tre\u015bci w serwisach spo\u0142eczno\u015bciowych oraz subskrypcja profilu spo\u0142eczno\u015bciowego. Korzystanie z tych funkcji wi\u0105\u017ce si\u0119 z wykorzystywaniem plik\u00f3w cookies administrator\u00f3w serwis\u00f3w spo\u0142eczno\u015bciowych takich jak Facebook, Instagram, YouTube.<\/p>\n\n\n\n<p><strong>Logi serwera<\/strong><\/p>\n\n\n\n<p>Korzystanie ze strony wi\u0105\u017ce si\u0119 z przesy\u0142aniem zapyta\u0144 do serwera, na kt\u00f3rym przechowywana jest strona. Ka\u017cde zapytanie skierowane do serwera zapisywane jest w logach serwera.<\/p>\n\n\n\n<p>Logi obejmuj\u0105 m.in. Pa\u0144stwa adres IP, dat\u0119 i czas serwera, informacje o przegl\u0105darce internetowej i systemie operacyjnym z jakiego Pa\u0144stwo korzystaj\u0105. Logi zapisywane i przechowywane s\u0105 na serwerze.<\/p>\n\n\n\n<p>Dane zapisane w logach serwera nie s\u0105 kojarzone z konkretnymi osobami korzystaj\u0105cymi ze serwisu i nie s\u0105 wykorzystywane przez nas w celu Pa\u0144stwa identyfikacji.<\/p>\n\n\n\n<p>Logi serwera stanowi\u0105 wy\u0142\u0105cznie materia\u0142 pomocniczy s\u0142u\u017c\u0105cy do administrowania stron\u0105 a ich zawarto\u015b\u0107 nie jest ujawniana nikomu poza osobami upowa\u017cnionymi do administrowania serwerem.<\/p>\n\n\n\n<p>Serdecznie dzi\u0119kujemy za zapoznanie si\u0119 z zasadami ochrony danych osobowych w naszej firmie!<\/p>\n\n\n\n<p>Zarz\u0105d PERFECT-DATA Sp. z o. o.<\/p>","protected":false},"excerpt":{"rendered":"<p>Polityka prywatno\u015bci PL Serdecznie witamy! W naszej firmie bardzo dbamy o ochron\u0119 danych osobowych, dlatego te\u017c przygotowali\u015bmy niniejszy dokument, aby w prosty i przyst\u0119pny spos\u00f3b wyja\u015bni\u0107 Pa\u0144stwu dlaczego zbieramy dane osobowe i do czego ich u\u017cywamy, jakie ci\u0105\u017c\u0105 na nas w zwi\u0105zku z tym obowi\u0105zki, a tak\u017ce jakie przys\u0142uguj\u0105 Pa\u0144stwu prawa. Ponadto postaramy si\u0119 tak\u017ce [&hellip;]<\/p>","protected":false},"author":1,"featured_media":0,"parent":0,"menu_order":0,"comment_status":"closed","ping_status":"closed","template":"page-templates\/generic.php","meta":{"footnotes":""},"class_list":["post-121","page","type-page","status-publish","hentry"],"_links":{"self":[{"href":"https:\/\/perfect-data.pl\/pl\/wp-json\/wp\/v2\/pages\/121","targetHints":{"allow":["GET"]}}],"collection":[{"href":"https:\/\/perfect-data.pl\/pl\/wp-json\/wp\/v2\/pages"}],"about":[{"href":"https:\/\/perfect-data.pl\/pl\/wp-json\/wp\/v2\/types\/page"}],"author":[{"embeddable":true,"href":"https:\/\/perfect-data.pl\/pl\/wp-json\/wp\/v2\/users\/1"}],"replies":[{"embeddable":true,"href":"https:\/\/perfect-data.pl\/pl\/wp-json\/wp\/v2\/comments?post=121"}],"version-history":[{"count":10,"href":"https:\/\/perfect-data.pl\/pl\/wp-json\/wp\/v2\/pages\/121\/revisions"}],"predecessor-version":[{"id":230,"href":"https:\/\/perfect-data.pl\/pl\/wp-json\/wp\/v2\/pages\/121\/revisions\/230"}],"wp:attachment":[{"href":"https:\/\/perfect-data.pl\/pl\/wp-json\/wp\/v2\/media?parent=121"}],"curies":[{"name":"wp","href":"https:\/\/api.w.org\/{rel}","templated":true}]}}